{"id":8,"date":"2019-02-08T11:36:45","date_gmt":"2019-02-08T11:36:45","guid":{"rendered":"http:\/\/test.isostres.com\/?page_id=8"},"modified":"2025-09-09T15:38:43","modified_gmt":"2025-09-09T15:38:43","slug":"acerca-de","status":"publish","type":"page","link":"https:\/\/isostres.com\/index.php\/acerca-de\/","title":{"rendered":""},"content":{"rendered":"\n<p><\/p>\n\n\n<div class=\"wp-block-image\">\n<figure class=\"aligncenter size-full\"><img decoding=\"async\" width=\"266\" height=\"89\" src=\"https:\/\/isostres.com\/wp-content\/uploads\/2025\/09\/Logo-VELUX.2014.petit_-2.jpg\" alt=\"\" class=\"wp-image-1532\" srcset=\"https:\/\/isostres.com\/wp-content\/uploads\/2025\/09\/Logo-VELUX.2014.petit_-2.jpg 266w, https:\/\/isostres.com\/wp-content\/uploads\/2025\/09\/Logo-VELUX.2014.petit_-2-228x76.jpg 228w\" sizes=\"(max-width: 266px) 100vw, 266px\" \/><\/figure><\/div>\n\n\n<hr class=\"wp-block-separator has-alpha-channel-opacity\"\/>\n\n\n\n<div class=\"wp-block-cover\"><img fetchpriority=\"high\" decoding=\"async\" width=\"1024\" height=\"472\" class=\"wp-block-cover__image-background wp-image-1521\" alt=\"\" src=\"https:\/\/isostres.com\/wp-content\/uploads\/2025\/09\/WhatsApp-Image-2021-09-22-at-12.15.00-1024x472.jpg\" data-object-fit=\"cover\" srcset=\"https:\/\/isostres.com\/wp-content\/uploads\/2025\/09\/WhatsApp-Image-2021-09-22-at-12.15.00-1024x472.jpg 1024w, https:\/\/isostres.com\/wp-content\/uploads\/2025\/09\/WhatsApp-Image-2021-09-22-at-12.15.00-300x138.jpg 300w, https:\/\/isostres.com\/wp-content\/uploads\/2025\/09\/WhatsApp-Image-2021-09-22-at-12.15.00-768x354.jpg 768w, https:\/\/isostres.com\/wp-content\/uploads\/2025\/09\/WhatsApp-Image-2021-09-22-at-12.15.00-228x105.jpg 228w, https:\/\/isostres.com\/wp-content\/uploads\/2025\/09\/WhatsApp-Image-2021-09-22-at-12.15.00.jpg 1200w\" sizes=\"(max-width: 1024px) 100vw, 1024px\" \/><span aria-hidden=\"true\" class=\"wp-block-cover__background has-background-dim\"><\/span><div class=\"wp-block-cover__inner-container is-layout-flow wp-block-cover-is-layout-flow\">\n<p class=\"has-text-align-center has-large-font-size\"><strong>Caracter\u00edstiques de les nostres finestres<\/strong><\/p>\n\n\n\n<p class=\"has-text-align-center\">F\u00e0cil neteja vidre exterior, gr\u00e0cies al passador de seguretat incorporat<\/p>\n\n\n\n<p class=\"has-text-align-center\">Barra de ventilaci\u00f3, deixa entrar aire fresc encara que estigui tancada<\/p>\n\n\n\n<p class=\"has-text-align-center\">Alta qualitat a les xarneres Instal\u00b7laci\u00f3 senzilla de cortines gr\u00e0cies als suports patentats<\/p>\n\n\n\n<p class=\"has-text-align-center\">Tots els vidres est\u00e0ndards tenen caracter\u00edstiques pr\u00e8mium, com laminat de seguretat, vidre temperat, filtre UV i reducci\u00f3 de soroll de la pluja.<\/p>\n\n\n\n<p class=\"has-text-align-center\">VELUX Thermo Technology tm. A\u00efllament t\u00e8rmic excel\u00b7lent que mant\u00e9 la c\u00e0lida de casa teva.<\/p>\n\n\n\n<p class=\"has-text-align-center\">Perfecta adaptaci\u00f3 al teulat.<\/p>\n\n\n\n<p class=\"has-text-align-center\">Sistema Integra Solar, c\u00e8l\u00b7lula fotovoltaica integrada i sensor de pluja que tanca autom\u00e0ticament la finestra en cas de pluja.<\/p>\n\n\n\n<p class=\"has-text-align-center has-large-font-size\">Totes les finestres \u00cdntegres, tant les el\u00e8ctriques com les solars \u00e9s tanca autom\u00e0ticament en cas de pluja.<\/p>\n<\/div><\/div>\n\n\n\n<hr class=\"wp-block-separator has-alpha-channel-opacity\"\/>\n\n\n\n<p class=\"has-text-align-center has-very-light-gray-background-color has-background has-medium-font-size\">Accesoris finestres <\/p>\n\n\n\n<figure class=\"wp-block-gallery has-nested-images columns-default is-cropped wp-block-gallery-1 is-layout-flex wp-block-gallery-is-layout-flex\">\n<figure class=\"wp-block-image\"><img decoding=\"async\" width=\"596\" height=\"334\" data-id=\"999\" src=\"https:\/\/isostres.com\/wp-content\/uploads\/2022\/03\/cortina-DUO-1.png\" alt=\"\" class=\"wp-image-999\" srcset=\"https:\/\/isostres.com\/wp-content\/uploads\/2022\/03\/cortina-DUO-1.png 596w, https:\/\/isostres.com\/wp-content\/uploads\/2022\/03\/cortina-DUO-1-300x168.png 300w\" sizes=\"(max-width: 596px) 100vw, 596px\" \/><figcaption class=\"wp-element-caption\">DUO<\/figcaption><\/figure>\n\n\n\n<figure class=\"wp-block-image\"><img loading=\"lazy\" decoding=\"async\" width=\"629\" height=\"347\" data-id=\"998\" src=\"https:\/\/isostres.com\/wp-content\/uploads\/2022\/03\/cortinas.png\" alt=\"\" class=\"wp-image-998\" srcset=\"https:\/\/isostres.com\/wp-content\/uploads\/2022\/03\/cortinas.png 629w, https:\/\/isostres.com\/wp-content\/uploads\/2022\/03\/cortinas-300x166.png 300w, https:\/\/isostres.com\/wp-content\/uploads\/2022\/03\/cortinas-600x331.png 600w\" sizes=\"(max-width: 629px) 100vw, 629px\" \/><figcaption class=\"wp-element-caption\">CORTINA<\/figcaption><\/figure>\n<\/figure>\n\n\n\n<p class=\"has-text-align-center\">Exterior: Persiana d&#8217;alumini o Toldo<\/p>\n\n\n\n<figure class=\"wp-block-gallery has-nested-images columns-default is-cropped wp-block-gallery-2 is-layout-flex wp-block-gallery-is-layout-flex\">\n<figure class=\"wp-block-image\"><img loading=\"lazy\" decoding=\"async\" width=\"597\" height=\"334\" data-id=\"1000\" src=\"https:\/\/isostres.com\/wp-content\/uploads\/2022\/03\/persiana.exterior-1.png\" alt=\"\" class=\"wp-image-1000\" srcset=\"https:\/\/isostres.com\/wp-content\/uploads\/2022\/03\/persiana.exterior-1.png 597w, https:\/\/isostres.com\/wp-content\/uploads\/2022\/03\/persiana.exterior-1-300x168.png 300w\" sizes=\"(max-width: 597px) 100vw, 597px\" \/><\/figure>\n\n\n\n<figure class=\"wp-block-image\"><img loading=\"lazy\" decoding=\"async\" width=\"619\" height=\"334\" data-id=\"1001\" src=\"https:\/\/isostres.com\/wp-content\/uploads\/2022\/03\/toldo-exterior-1.png\" alt=\"\" class=\"wp-image-1001\" srcset=\"https:\/\/isostres.com\/wp-content\/uploads\/2022\/03\/toldo-exterior-1.png 619w, https:\/\/isostres.com\/wp-content\/uploads\/2022\/03\/toldo-exterior-1-300x162.png 300w, https:\/\/isostres.com\/wp-content\/uploads\/2022\/03\/toldo-exterior-1-600x324.png 600w\" sizes=\"(max-width: 619px) 100vw, 619px\" \/><\/figure>\n<\/figure>\n\n\n\n<p class=\"has-text-align-left\">                                                                                                                                               Persiana exterior d&#8217;alumini<\/p>\n\n\n\n<p class=\"has-text-align-right has-very-light-gray-background-color has-background\">Para-sol, reducci\u00f3 de la calor i permet les vistes exteriors <\/p>\n\n\n\n<p>&nbsp; &nbsp; &nbsp; &nbsp; &nbsp; &nbsp; &nbsp; &nbsp; &nbsp; &nbsp; &nbsp; &nbsp; &nbsp; &nbsp; &nbsp; &nbsp; &nbsp; &nbsp; &nbsp;<strong> &nbsp;Dins el cat\u00e0leg disposeu d&#8217;una \u00e0mplia gamma on podeu escollir la finestra que m\u00e9s us encaixi <\/strong><\/p>\n\n\n\n<p class=\"has-text-align-center\"><strong>&nbsp; &nbsp; &nbsp; &nbsp; &nbsp; &nbsp;amb la vostra necessitat, gust i pressupost.<\/strong><\/p>\n\n\n\n<p class=\"has-text-align-center\"><strong>Teniu diferents opcions amb vidres i complements, com cortines, toldos i persianes.<\/strong><\/p>\n\n\n\n<div class=\"wp-block-columns is-layout-flex wp-container-core-columns-is-layout-1 wp-block-columns-is-layout-flex\">\n<div class=\"wp-block-column is-vertically-aligned-top is-layout-flow wp-block-column-is-layout-flow\" style=\"flex-basis:100%\">\n<details class=\"wp-block-details is-layout-flow wp-block-details-is-layout-flow\"><summary>Guia <\/summary>\n<p><\/p>\n<\/details>\n\n\n\n<p class=\"has-text-align-center\">Identificar el pendent del teulat m\u00ednim 15\u00b0<\/p>\n\n\n\n<p class=\"has-text-align-center\">Recomanaci\u00f3 que el vidre representi el 15% de l&#8217;espai total de la superf\u00edcie<\/p>\n\n\n\n<p class=\"has-text-align-center\">Accionament de la finestra, manual o \u00edntegra<\/p>\n\n\n\n<p class=\"has-text-align-center\">Acabat interior (consultar model)<\/p>\n\n\n\n<p class=\"has-text-align-center\">Tipus de vidre<\/p>\n\n\n\n<p class=\"has-text-align-center\">Adaptaci\u00f3 productes, instal\u00b7laci\u00f3 al tipus de teulat<\/p>\n\n\n\n<p class=\"has-text-align-center\">Ajust llum i protecci\u00f3 de la calor<\/p>\n<\/div>\n<\/div>\n\n\n\n<hr class=\"wp-block-separator has-alpha-channel-opacity\"\/>\n\n\n\n<p><\/p>\n","protected":false},"excerpt":{"rendered":"<p>Accesoris finestres Exterior: Persiana d&#8217;alumini o Toldo Persiana exterior d&#8217;alumini Para-sol, reducci\u00f3 de la calor i permet les vistes exteriors &nbsp; &nbsp; &nbsp; &nbsp; &nbsp; &nbsp; &nbsp; &nbsp; &nbsp; &nbsp; &nbsp; &nbsp; &nbsp; &nbsp; &nbsp; &nbsp; &nbsp; &nbsp; &nbsp; &nbsp;Dins el cat\u00e0leg disposeu d&#8217;una \u00e0mplia gamma on podeu escollir la finestra que m\u00e9s us encaixi &nbsp; &nbsp; &nbsp; &nbsp; &nbsp; &nbsp;amb la vostra necessitat, gust i pressupost. Teniu diferents opcions amb vidres i complements, com cortines, toldos i persianes. Identificar el pendent del teulat m\u00ednim 15\u00b0 Recomanaci\u00f3 que el vidre representi el 15% de l&#8217;espai total de la superf\u00edcie Accionament de la finestra, manual o \u00edntegra Acabat interior (consultar model) Tipus de vidre Adaptaci\u00f3 productes, instal\u00b7laci\u00f3 al tipus de teulat Ajust llum i protecci\u00f3 de la calor<\/p>\n","protected":false},"author":1,"featured_media":916,"parent":0,"menu_order":0,"comment_status":"closed","ping_status":"closed","template":"","meta":{"_themeisle_gutenberg_block_has_review":false,"footnotes":""},"class_list":["post-8","page","type-page","status-publish","has-post-thumbnail"],"_links":{"self":[{"href":"https:\/\/isostres.com\/index.php\/wp-json\/wp\/v2\/pages\/8","targetHints":{"allow":["GET"]}}],"collection":[{"href":"https:\/\/isostres.com\/index.php\/wp-json\/wp\/v2\/pages"}],"about":[{"href":"https:\/\/isostres.com\/index.php\/wp-json\/wp\/v2\/types\/page"}],"author":[{"embeddable":true,"href":"https:\/\/isostres.com\/index.php\/wp-json\/wp\/v2\/users\/1"}],"replies":[{"embeddable":true,"href":"https:\/\/isostres.com\/index.php\/wp-json\/wp\/v2\/comments?post=8"}],"version-history":[{"count":67,"href":"https:\/\/isostres.com\/index.php\/wp-json\/wp\/v2\/pages\/8\/revisions"}],"predecessor-version":[{"id":1536,"href":"https:\/\/isostres.com\/index.php\/wp-json\/wp\/v2\/pages\/8\/revisions\/1536"}],"wp:featuredmedia":[{"embeddable":true,"href":"https:\/\/isostres.com\/index.php\/wp-json\/wp\/v2\/media\/916"}],"wp:attachment":[{"href":"https:\/\/isostres.com\/index.php\/wp-json\/wp\/v2\/media?parent=8"}],"curies":[{"name":"wp","href":"https:\/\/api.w.org\/{rel}","templated":true}]}}