{"id":581,"date":"2019-09-24T16:08:51","date_gmt":"2019-09-24T16:08:51","guid":{"rendered":"http:\/\/isostres.com\/?page_id=581"},"modified":"2024-10-28T09:31:13","modified_gmt":"2024-10-28T09:31:13","slug":"contacte","status":"publish","type":"page","link":"https:\/\/isostres.com\/index.php\/contacte\/","title":{"rendered":"Contacte :  972 428208"},"content":{"rendered":"\n<p><\/p>\n\n\n\n<ul class=\"wp-block-list\"><li>Tel\u00e8fons contacte :   972 42 82 08<\/li><li>                                     600 339 706<\/li><li>                                     645 746 686<\/li><\/ul>\n\n\n\n<h2 class=\"wp-block-heading\" style=\"text-align:center\">                                          Hist\u00f2ria:<\/h2>\n\n\n\n<p style=\"text-align:center\">A l&#8217;any 2012, vam decidir iniciar el negoci per compte propi, aprotitant l&#8217;experi\u00e8ncia i els coneixements acumulats.<\/p>\n\n\n\n<p style=\"text-align:center\">Esperant que sigui del vostre inter\u00e8s, fem un petit recull dels serveis que els hi podem oferir.<\/p>\n\n\n\n<p style=\"text-align:center\">Instal\u00b7lacio de falsos sostres decoratius i a\u00efllants i treballs amb guix laminat Pladur<\/p>\n\n\n\n<p style=\"text-align:center\" class=\"has-text-color has-vivid-red-color\"><strong>Som Distribu\u00efdors Oficials i instal\u00b7ladors Pro de VELUX, finestres de teulat, finestres teula plana i finestres especials.<\/strong><\/p>\n\n\n\n<p><\/p>\n\n\n\n<h2 class=\"wp-block-heading\" style=\"text-align:center\">                                           Adre\u00e7a:<\/h2>\n\n\n\n<p><\/p>\n\n\n\n<p style=\"text-align:center\"><a href=\"https:\/\/goo.gl\/maps\/2H2AUZ3ZKWHuPsF18\">https:\/\/goo.gl\/maps\/2H2AUZ3ZKWHuPsF18<\/a><\/p>\n\n\n\n<div class=\"wp-block-image\"><figure class=\"aligncenter is-resized\"><img fetchpriority=\"high\" decoding=\"async\" src=\"http:\/\/isostres.com\/wp-content\/uploads\/2019\/08\/botiga.0703-1024x768.jpg\" alt=\"\" class=\"wp-image-471\" width=\"767\" height=\"575\" srcset=\"https:\/\/isostres.com\/wp-content\/uploads\/2019\/08\/botiga.0703-1024x768.jpg 1024w, https:\/\/isostres.com\/wp-content\/uploads\/2019\/08\/botiga.0703-300x225.jpg 300w, https:\/\/isostres.com\/wp-content\/uploads\/2019\/08\/botiga.0703-768x576.jpg 768w, https:\/\/isostres.com\/wp-content\/uploads\/2019\/08\/botiga.0703-600x450.jpg 600w\" sizes=\"(max-width: 767px) 100vw, 767px\" \/><figcaption>Botiga a Salt zona Espai Giron\u00e8s davant Pavello Esportiu<\/figcaption><\/figure><\/div>\n\n\n\n<p style=\"text-align:center\" class=\"has-background has-medium-font-size has-very-light-gray-background-color\"><strong>                  Passeig Pa\u00efsos Catalans n\u00ba 230 &nbsp;&nbsp;&nbsp;17190-Salt- Girona<\/strong><\/p>\n\n\n\n<p style=\"text-align:center\"><strong>             e.mail: isostres.girona@gmail.com<\/strong><\/p>\n\n\n\n<p>En nom de l&#8217;empresa tractem la informaci\u00f3 que ens facilita amb la finalitat de prestar-li el servei sol\u00b7licitat o enviar-li la informaci\u00f3 requerida. Les dades proporcionades es conservaran mentre no sol\u00b7liciti el cessament de l&#8217;activitat. Les dades no se cediran a tercers excepte en els casos en qu\u00e8 existeixi una obligaci\u00f3 legal. Vost\u00e8 t\u00e9 dret a obtenir confirmaci\u00f3 sobre si&nbsp;&nbsp;Isostres&nbsp;Girona s.l. estem tractant les seves dades personals per tant t\u00e9 dret a accedir a les seves dades personals, rectificar les dades inexacte o sol\u00b7licitar la seva supressi\u00f3 quan les dades ja no siguin necessaris per a les finalitats que van ser recollides, contacte e.mail:&nbsp;<a rel=\"noreferrer noopener\" href=\"mailto:isostres.girona@gmail.com\" target=\"_blank\">isostres.girona@gmail.com<\/a><\/p>\n","protected":false},"excerpt":{"rendered":"<p>Tel\u00e8fons contacte : 972 42 82 08 600 339 706 645 746 686 Hist\u00f2ria: A l&#8217;any 2012, vam decidir iniciar el negoci per compte propi, aprotitant l&#8217;experi\u00e8ncia i els coneixements acumulats. Esperant que sigui del vostre inter\u00e8s, fem un petit recull dels serveis que els hi podem oferir. Instal\u00b7lacio de falsos sostres decoratius i a\u00efllants i treballs amb guix laminat Pladur Som Distribu\u00efdors Oficials i instal\u00b7ladors Pro de VELUX, finestres de teulat, finestres teula plana i finestres especials. Adre\u00e7a: https:\/\/goo.gl\/maps\/2H2AUZ3ZKWHuPsF18 Passeig Pa\u00efsos Catalans n\u00ba 230 &nbsp;&nbsp;&nbsp;17190-Salt- Girona e.mail: isostres.girona@gmail.com En nom de l&#8217;empresa tractem la informaci\u00f3 que ens facilita amb la finalitat de prestar-li el servei sol\u00b7licitat o enviar-li la informaci\u00f3 requerida. Les dades proporcionades es conservaran mentre no sol\u00b7liciti el cessament de l&#8217;activitat. Les dades no se cediran a tercers excepte en els casos en qu\u00e8 existeixi una obligaci\u00f3 legal. Vost\u00e8 t\u00e9 dret a obtenir confirmaci\u00f3 sobre si&nbsp;&nbsp;Isostres&nbsp;Girona s.l. estem tractant les seves dades personals per tant t\u00e9 dret a accedir a les seves dades personals, rectificar les dades inexacte o sol\u00b7licitar la seva supressi\u00f3 quan les dades ja no siguin necessaris per a les finalitats que van ser recollides, contacte e.mail:&nbsp;isostres.girona@gmail.com<\/p>\n","protected":false},"author":1,"featured_media":0,"parent":0,"menu_order":0,"comment_status":"closed","ping_status":"closed","template":"","meta":{"_themeisle_gutenberg_block_has_review":false,"footnotes":""},"class_list":["post-581","page","type-page","status-publish"],"_links":{"self":[{"href":"https:\/\/isostres.com\/index.php\/wp-json\/wp\/v2\/pages\/581","targetHints":{"allow":["GET"]}}],"collection":[{"href":"https:\/\/isostres.com\/index.php\/wp-json\/wp\/v2\/pages"}],"about":[{"href":"https:\/\/isostres.com\/index.php\/wp-json\/wp\/v2\/types\/page"}],"author":[{"embeddable":true,"href":"https:\/\/isostres.com\/index.php\/wp-json\/wp\/v2\/users\/1"}],"replies":[{"embeddable":true,"href":"https:\/\/isostres.com\/index.php\/wp-json\/wp\/v2\/comments?post=581"}],"version-history":[{"count":29,"href":"https:\/\/isostres.com\/index.php\/wp-json\/wp\/v2\/pages\/581\/revisions"}],"predecessor-version":[{"id":1147,"href":"https:\/\/isostres.com\/index.php\/wp-json\/wp\/v2\/pages\/581\/revisions\/1147"}],"wp:attachment":[{"href":"https:\/\/isostres.com\/index.php\/wp-json\/wp\/v2\/media?parent=581"}],"curies":[{"name":"wp","href":"https:\/\/api.w.org\/{rel}","templated":true}]}}