{"id":550,"date":"2019-09-23T15:42:43","date_gmt":"2019-09-23T15:42:43","guid":{"rendered":"http:\/\/isostres.com\/?page_id=550"},"modified":"2025-09-09T14:07:11","modified_gmt":"2025-09-09T14:07:11","slug":"empresa-2","status":"publish","type":"page","link":"https:\/\/isostres.com\/index.php\/empresa-2\/","title":{"rendered":"Galeria VELUX"},"content":{"rendered":"\n<div class=\"wp-block-columns are-vertically-aligned-center is-layout-flex wp-container-core-columns-is-layout-1 wp-block-columns-is-layout-flex\">\n<div class=\"wp-block-column is-layout-flow wp-block-column-is-layout-flow\"><div class=\"wp-block-image\">\n<figure class=\"alignleft size-large\"><img fetchpriority=\"high\" decoding=\"async\" width=\"1024\" height=\"629\" src=\"https:\/\/isostres.com\/wp-content\/uploads\/2025\/09\/GGL.cortina.persiana-1-1024x629.png\" alt=\"\" class=\"wp-image-1488\" srcset=\"https:\/\/isostres.com\/wp-content\/uploads\/2025\/09\/GGL.cortina.persiana-1-1024x629.png 1024w, https:\/\/isostres.com\/wp-content\/uploads\/2025\/09\/GGL.cortina.persiana-1-300x184.png 300w, https:\/\/isostres.com\/wp-content\/uploads\/2025\/09\/GGL.cortina.persiana-1-768x472.png 768w, https:\/\/isostres.com\/wp-content\/uploads\/2025\/09\/GGL.cortina.persiana-1-189x116.png 189w, https:\/\/isostres.com\/wp-content\/uploads\/2025\/09\/GGL.cortina.persiana-1.png 1447w\" sizes=\"(max-width: 1024px) 100vw, 1024px\" \/><\/figure><\/div><\/div>\n\n\n\n<div class=\"wp-block-column is-layout-flow wp-block-column-is-layout-flow\"><div class=\"wp-block-image\">\n<figure class=\"alignright size-large\"><img decoding=\"async\" width=\"1024\" height=\"629\" src=\"https:\/\/isostres.com\/wp-content\/uploads\/2025\/09\/GGL.GGU_.GPU_.solar_.electrica-1024x629.png\" alt=\"\" class=\"wp-image-1489\" srcset=\"https:\/\/isostres.com\/wp-content\/uploads\/2025\/09\/GGL.GGU_.GPU_.solar_.electrica-1024x629.png 1024w, https:\/\/isostres.com\/wp-content\/uploads\/2025\/09\/GGL.GGU_.GPU_.solar_.electrica-300x184.png 300w, https:\/\/isostres.com\/wp-content\/uploads\/2025\/09\/GGL.GGU_.GPU_.solar_.electrica-768x472.png 768w, https:\/\/isostres.com\/wp-content\/uploads\/2025\/09\/GGL.GGU_.GPU_.solar_.electrica-189x116.png 189w, https:\/\/isostres.com\/wp-content\/uploads\/2025\/09\/GGL.GGU_.GPU_.solar_.electrica.png 1447w\" sizes=\"(max-width: 1024px) 100vw, 1024px\" \/><\/figure><\/div><\/div>\n<\/div>\n\n\n\n<p class=\"has-text-align-center has-vivid-red-color has-text-color\"><strong>Distribu\u00efdors Oficials<\/strong><\/p>\n\n\n\n<p class=\"has-text-align-center has-very-light-gray-background-color has-background\"><strong>Restem al seu servei per informaci\u00f3 dels productes <\/strong><\/p>\n\n\n\n<hr class=\"wp-block-separator has-alpha-channel-opacity\"\/>\n\n\n\n<h2 class=\"wp-block-heading has-text-align-left\">Caracter\u00edstiques<\/h2>\n\n\n\n<hr class=\"wp-block-separator has-alpha-channel-opacity\"\/>\n\n\n\n<p>La finestra de teulada *VELUX amb obertura girat\u00f2ria permet un accionament superior c\u00f2mode gr\u00e0cies a la seva exclusiva barra multifunci\u00f3. Aquest tipus d&#8217;obertura facilita la ubicaci\u00f3 de mobles o objectes sota la finestra sense obstaculitzar el seu \u00fas. Si est\u00e0 fora de l&#8217;abast, es pot accionar manualment amb la vareta telesc\u00f2pica i autom\u00e0ticament amb control remot de *VELUX Integra per energia solar o el\u00e8ctriques. Indicada per a instal\u00b7laci\u00f3 en teulada amb arracada de 15-90 \u00b0. Disponible en els seg\u00fcents acabats: &#8211; Acabat pintat en blanc, combina perfectament amb interiors moderns. Estructura de pintura resistent als raigs UV, durable i de llarga durada, f\u00e0cil de netejar i mantenir. &#8211; Acabat en poliuret\u00e0 blanc: nucli de fusta embolicat en poliuret\u00e0 blanc resistent a la humitat; la millor opci\u00f3 per a habitacions humides com a cuines i banys. No requereix manteniment. &#8211; Acabat en vern\u00eds transparent<\/p>\n\n\n\n<figure class=\"wp-block-gallery has-nested-images columns-default wp-block-gallery-1 is-layout-flex wp-block-gallery-is-layout-flex\">\n<figure class=\"wp-block-image size-large\"><img decoding=\"async\" width=\"768\" height=\"1024\" data-id=\"1360\" src=\"https:\/\/isostres.com\/wp-content\/uploads\/2025\/05\/WhatsApp-Image-2019-09-25-at-14.57.24-768x1024.jpeg\" alt=\"\" class=\"wp-image-1360\" srcset=\"https:\/\/isostres.com\/wp-content\/uploads\/2025\/05\/WhatsApp-Image-2019-09-25-at-14.57.24-768x1024.jpeg 768w, https:\/\/isostres.com\/wp-content\/uploads\/2025\/05\/WhatsApp-Image-2019-09-25-at-14.57.24-225x300.jpeg 225w, https:\/\/isostres.com\/wp-content\/uploads\/2025\/05\/WhatsApp-Image-2019-09-25-at-14.57.24-1152x1536.jpeg 1152w, https:\/\/isostres.com\/wp-content\/uploads\/2025\/05\/WhatsApp-Image-2019-09-25-at-14.57.24-87x116.jpeg 87w, https:\/\/isostres.com\/wp-content\/uploads\/2025\/05\/WhatsApp-Image-2019-09-25-at-14.57.24.jpeg 1200w\" sizes=\"(max-width: 768px) 100vw, 768px\" \/><figcaption class=\"wp-element-caption\">Model GGL fusta<\/figcaption><\/figure>\n\n\n\n<figure class=\"wp-block-image size-large\"><img loading=\"lazy\" decoding=\"async\" width=\"768\" height=\"1024\" data-id=\"1273\" src=\"https:\/\/isostres.com\/wp-content\/uploads\/2025\/05\/muralla.3-768x1024.jpeg\" alt=\"\" class=\"wp-image-1273\" srcset=\"https:\/\/isostres.com\/wp-content\/uploads\/2025\/05\/muralla.3-768x1024.jpeg 768w, https:\/\/isostres.com\/wp-content\/uploads\/2025\/05\/muralla.3-225x300.jpeg 225w, https:\/\/isostres.com\/wp-content\/uploads\/2025\/05\/muralla.3-1152x1536.jpeg 1152w, https:\/\/isostres.com\/wp-content\/uploads\/2025\/05\/muralla.3-87x116.jpeg 87w, https:\/\/isostres.com\/wp-content\/uploads\/2025\/05\/muralla.3.jpeg 1200w\" sizes=\"(max-width: 768px) 100vw, 768px\" \/><figcaption class=\"wp-element-caption\">Pintada blanca <\/figcaption><\/figure>\n\n\n\n<figure class=\"wp-block-image size-large\"><img loading=\"lazy\" decoding=\"async\" width=\"768\" height=\"1024\" data-id=\"1221\" src=\"https:\/\/isostres.com\/wp-content\/uploads\/2025\/02\/Obra.Girones.jpeg\" alt=\"\" class=\"wp-image-1221\" srcset=\"https:\/\/isostres.com\/wp-content\/uploads\/2025\/02\/Obra.Girones.jpeg 768w, https:\/\/isostres.com\/wp-content\/uploads\/2025\/02\/Obra.Girones-225x300.jpeg 225w, https:\/\/isostres.com\/wp-content\/uploads\/2025\/02\/Obra.Girones-87x116.jpeg 87w\" sizes=\"(max-width: 768px) 100vw, 768px\" \/><figcaption class=\"wp-element-caption\">Poliuret\u00e0<\/figcaption><\/figure>\n<\/figure>\n\n\n\n<hr class=\"wp-block-separator has-alpha-channel-opacity\"\/>\n\n\n\n<p>Les finestres de teulada <strong>*VELUX INTEGRA\u00ae<\/strong> maximitzen el confort en el control de la finestra de teulada per mitj\u00e0 del seu comandament a dist\u00e0ncia t\u00e0ctil. Aquest sistema de control intu\u00eftiu fa possible el control total sobre la finestra de teulada i tots els seus accessoris *VELUX INTEGRA\u00ae com ara *cortinas, persianes o tendals. Disponible en alimentaci\u00f3 el\u00e8ctrica o per mitj\u00e0 d&#8217;energia solar. T\u00e9 un sensor de pluja integrat en l&#8217;exterior que reacciona en el moment en qu\u00e8 comen\u00e7a a ploure, accionant el tancament de les finestres. <strong><em>models GGL \/ GGU.<\/em><\/strong><\/p>\n\n\n\n<hr class=\"wp-block-separator has-alpha-channel-opacity\"\/>\n\n\n\n<p>La finestra amb obertura proyectant de fins a 45\u00b0 proporciona unes vistes espectaculars a l&#8217;exterior. L&#8217;obertura de la fulla sobre les seves frontisses superiors permet apuntar-se a l&#8217;exterior. L&#8217;accionament mitjan\u00e7ant manilla inferior \u00e9s particularment pr\u00e0ctic per a finestres instal\u00b7lades amb una certa elevaci\u00f3, on no s&#8217;aconsegueix la part superior c\u00f2modament. A m\u00e9s, les finestres de teulada proyectant de *VELUX tamb\u00e9 giren 180\u00b0 per a facilitar la neteja des de l&#8217;interior. Indicada per a instal\u00b7laci\u00f3 en teulada amb arracada entre 15\u00b0 i 55\u00b0. Tamb\u00e9 \u00e9s adequada per als arcs de sostre entre 55\u00b0-75 \u00b0 si es necessiten ressorts especials en el moment de la comanda, si us plau posi&#8217;s en contacte amb *VELUX en el 91 509 71 00 per a obtenir assist\u00e8ncia (els productes especials no es poden pressupostar\/demanar des de l&#8217;Extranet). Disponible en els seg\u00fcents acabats: &#8211; Acabat pintat en blanc, combina perfectament amb interiors moderns. Estructura de pintura resistent als raigs UV, durable i de llarga durada, f\u00e0cil de netejar i mantenir. &#8211; Acabat en poliuret\u00e0 blanc: nucli de fusta embolicat en poliuret\u00e0 blanc resistent a la humitat; la millor opci\u00f3 per a habitacions humides com a cuines i banys. No requereix manteniment. &#8211; Acabat en vern\u00eds transparent (disponible sota comanda)  <strong><em>models GPL \/ GPU<\/em><\/strong><\/p>\n\n\n<div class=\"wp-block-image\">\n<figure class=\"aligncenter size-full\"><img loading=\"lazy\" decoding=\"async\" width=\"300\" height=\"300\" src=\"https:\/\/isostres.com\/wp-content\/uploads\/2025\/09\/GPL-int.pintat-blanc.png\" alt=\"\" class=\"wp-image-1495\" srcset=\"https:\/\/isostres.com\/wp-content\/uploads\/2025\/09\/GPL-int.pintat-blanc.png 300w, https:\/\/isostres.com\/wp-content\/uploads\/2025\/09\/GPL-int.pintat-blanc-150x150.png 150w, https:\/\/isostres.com\/wp-content\/uploads\/2025\/09\/GPL-int.pintat-blanc-116x116.png 116w\" sizes=\"(max-width: 300px) 100vw, 300px\" \/><\/figure><\/div>","protected":false},"excerpt":{"rendered":"<p>Distribu\u00efdors Oficials Restem al seu servei per informaci\u00f3 dels productes Caracter\u00edstiques La finestra de teulada *VELUX amb obertura girat\u00f2ria permet un accionament superior c\u00f2mode gr\u00e0cies a la seva exclusiva barra multifunci\u00f3. Aquest tipus d&#8217;obertura facilita la ubicaci\u00f3 de mobles o objectes sota la finestra sense obstaculitzar el seu \u00fas. Si est\u00e0 fora de l&#8217;abast, es pot accionar manualment amb la vareta telesc\u00f2pica i autom\u00e0ticament amb control remot de *VELUX Integra per energia solar o el\u00e8ctriques. Indicada per a instal\u00b7laci\u00f3 en teulada amb arracada de 15-90 \u00b0. Disponible en els seg\u00fcents acabats: &#8211; Acabat pintat en blanc, combina perfectament amb interiors moderns. Estructura de pintura resistent als raigs UV, durable i de llarga durada, f\u00e0cil de netejar i mantenir. &#8211; Acabat en poliuret\u00e0 blanc: nucli de fusta embolicat en poliuret\u00e0 blanc resistent a la humitat; la millor opci\u00f3 per a habitacions humides com a cuines i banys. No requereix manteniment. &#8211; Acabat en vern\u00eds transparent Les finestres de teulada *VELUX INTEGRA\u00ae maximitzen el confort en el control de la finestra de teulada per mitj\u00e0 del seu comandament a dist\u00e0ncia t\u00e0ctil. Aquest sistema de control intu\u00eftiu fa possible el control total sobre la finestra de teulada i tots els seus accessoris *VELUX INTEGRA\u00ae com ara *cortinas, persianes o tendals. Disponible en alimentaci\u00f3 el\u00e8ctrica o per mitj\u00e0 d&#8217;energia solar. T\u00e9 un sensor de pluja integrat en l&#8217;exterior que reacciona en el moment en qu\u00e8 comen\u00e7a a ploure, accionant el tancament de les finestres. models GGL \/ GGU. La finestra amb obertura proyectant de fins a 45\u00b0 proporciona unes vistes espectaculars a l&#8217;exterior. L&#8217;obertura de la fulla sobre les seves frontisses superiors permet apuntar-se a l&#8217;exterior. L&#8217;accionament mitjan\u00e7ant manilla inferior \u00e9s particularment pr\u00e0ctic per a finestres instal\u00b7lades amb una certa elevaci\u00f3, on no s&#8217;aconsegueix la part superior c\u00f2modament. A m\u00e9s, les finestres de teulada proyectant de *VELUX tamb\u00e9 giren 180\u00b0 per a facilitar la neteja des de l&#8217;interior. Indicada per a instal\u00b7laci\u00f3 en teulada amb arracada entre 15\u00b0 i 55\u00b0. Tamb\u00e9 \u00e9s adequada per als arcs de sostre entre 55\u00b0-75 \u00b0 si es necessiten ressorts especials en el moment de la comanda, si us plau posi&#8217;s en contacte amb *VELUX en el 91 509 71 00 per a obtenir assist\u00e8ncia (els productes especials no es poden pressupostar\/demanar des de l&#8217;Extranet). Disponible en els seg\u00fcents acabats: &#8211; Acabat pintat en blanc, combina perfectament amb interiors moderns. Estructura de pintura resistent als raigs UV, durable i de llarga durada, f\u00e0cil de netejar i mantenir. &#8211; Acabat en poliuret\u00e0 blanc: nucli de fusta embolicat en poliuret\u00e0 blanc resistent a la humitat; la millor opci\u00f3 per a habitacions humides com a cuines i banys. No requereix manteniment. &#8211; Acabat en vern\u00eds transparent (disponible sota comanda) models GPL \/ GPU<\/p>\n","protected":false},"author":1,"featured_media":984,"parent":0,"menu_order":0,"comment_status":"closed","ping_status":"closed","template":"","meta":{"_themeisle_gutenberg_block_has_review":false,"footnotes":""},"class_list":["post-550","page","type-page","status-publish","has-post-thumbnail"],"_links":{"self":[{"href":"https:\/\/isostres.com\/index.php\/wp-json\/wp\/v2\/pages\/550","targetHints":{"allow":["GET"]}}],"collection":[{"href":"https:\/\/isostres.com\/index.php\/wp-json\/wp\/v2\/pages"}],"about":[{"href":"https:\/\/isostres.com\/index.php\/wp-json\/wp\/v2\/types\/page"}],"author":[{"embeddable":true,"href":"https:\/\/isostres.com\/index.php\/wp-json\/wp\/v2\/users\/1"}],"replies":[{"embeddable":true,"href":"https:\/\/isostres.com\/index.php\/wp-json\/wp\/v2\/comments?post=550"}],"version-history":[{"count":44,"href":"https:\/\/isostres.com\/index.php\/wp-json\/wp\/v2\/pages\/550\/revisions"}],"predecessor-version":[{"id":1496,"href":"https:\/\/isostres.com\/index.php\/wp-json\/wp\/v2\/pages\/550\/revisions\/1496"}],"wp:featuredmedia":[{"embeddable":true,"href":"https:\/\/isostres.com\/index.php\/wp-json\/wp\/v2\/media\/984"}],"wp:attachment":[{"href":"https:\/\/isostres.com\/index.php\/wp-json\/wp\/v2\/media?parent=550"}],"curies":[{"name":"wp","href":"https:\/\/api.w.org\/{rel}","templated":true}]}}