{"id":462,"date":"2019-08-19T10:57:23","date_gmt":"2019-08-19T10:57:23","guid":{"rendered":"http:\/\/isostres.com\/?page_id=462"},"modified":"2025-09-09T16:05:16","modified_gmt":"2025-09-09T16:05:16","slug":"pladur-isostres","status":"publish","type":"page","link":"https:\/\/isostres.com\/index.php\/pladur-isostres\/","title":{"rendered":"Pladur i Sostres"},"content":{"rendered":"\n<p class=\"has-text-align-center has-very-light-gray-background-color has-background\"><strong>SOSTRES DESMONTABLES SOSTRES A\u00cfLLANTS<\/strong><\/p>\n\n\n\n<p class=\"has-text-align-center has-very-light-gray-background-color has-background\"> <strong>              Sostres ac\u00fastics<\/strong><\/p>\n\n\n\n<div id=\"wp-block-themeisle-blocks-slider-c6f06148\" class=\"wp-block-themeisle-blocks-slider alignwide glide\" data-per-view=\"1\" data-gap=\"0\" data-peek=\"0\" data-autoplay=\"true\" data-height=\"400px\" data-hide-arrows=\"true\"><div class=\"glide__track\" data-glide-el=\"track\"><div class=\"glide__slides\"><div class=\"wp-block-themeisle-blocks-slider-item-wrapper glide__slide\" tabindex=\"0\"><figure><img decoding=\"async\" class=\"wp-block-themeisle-blocks-slider-item\" src=\"https:\/\/isostres.com\/wp-content\/uploads\/2025\/09\/DSCF9405.jpg\" alt=\"\" title=\"\" data-id=\"1552\"\/><figcaption>Lames de pvc color blanc<br><\/figcaption><\/figure><\/div><\/div><\/div><\/div>\n\n\n\n<p class=\"has-text-align-center has-very-light-gray-background-color has-background\"><strong>Formaci\u00f3 de sostres, envans i trasdossats amb plaques de guix-laminat<\/strong><\/p>\n\n\n\n<figure class=\"wp-block-gallery has-nested-images columns-default is-cropped wp-block-gallery-1 is-layout-flex wp-block-gallery-is-layout-flex\">\n<figure class=\"wp-block-image size-large\"><img fetchpriority=\"high\" decoding=\"async\" width=\"1024\" height=\"768\" data-id=\"1553\" src=\"https:\/\/isostres.com\/wp-content\/uploads\/2025\/09\/20181005_102923-1024x768.jpg\" alt=\"\" class=\"wp-image-1553\" srcset=\"https:\/\/isostres.com\/wp-content\/uploads\/2025\/09\/20181005_102923-1024x768.jpg 1024w, https:\/\/isostres.com\/wp-content\/uploads\/2025\/09\/20181005_102923-300x225.jpg 300w, https:\/\/isostres.com\/wp-content\/uploads\/2025\/09\/20181005_102923-768x576.jpg 768w, https:\/\/isostres.com\/wp-content\/uploads\/2025\/09\/20181005_102923-1536x1152.jpg 1536w, https:\/\/isostres.com\/wp-content\/uploads\/2025\/09\/20181005_102923-2048x1536.jpg 2048w, https:\/\/isostres.com\/wp-content\/uploads\/2025\/09\/20181005_102923-155x116.jpg 155w\" sizes=\"(max-width: 1024px) 100vw, 1024px\" \/><\/figure>\n\n\n\n<figure class=\"wp-block-image size-large\"><img decoding=\"async\" width=\"1024\" height=\"768\" data-id=\"883\" src=\"https:\/\/isostres.com\/wp-content\/uploads\/2021\/06\/unio.salt_-1024x768.jpeg\" alt=\"\" class=\"wp-image-883\" srcset=\"https:\/\/isostres.com\/wp-content\/uploads\/2021\/06\/unio.salt_-1024x768.jpeg 1024w, https:\/\/isostres.com\/wp-content\/uploads\/2021\/06\/unio.salt_-300x225.jpeg 300w, https:\/\/isostres.com\/wp-content\/uploads\/2021\/06\/unio.salt_-768x576.jpeg 768w, https:\/\/isostres.com\/wp-content\/uploads\/2021\/06\/unio.salt_-600x450.jpeg 600w, https:\/\/isostres.com\/wp-content\/uploads\/2021\/06\/unio.salt_.jpeg 1600w\" sizes=\"(max-width: 1024px) 100vw, 1024px\" \/><\/figure>\n\n\n\n<figure class=\"wp-block-image size-large\"><img decoding=\"async\" width=\"1024\" height=\"768\" data-id=\"732\" src=\"https:\/\/isostres.com\/wp-content\/uploads\/2020\/04\/IMG-20180907-WA0019-1-1024x768.jpg\" alt=\"\" class=\"wp-image-732\" srcset=\"https:\/\/isostres.com\/wp-content\/uploads\/2020\/04\/IMG-20180907-WA0019-1-1024x768.jpg 1024w, https:\/\/isostres.com\/wp-content\/uploads\/2020\/04\/IMG-20180907-WA0019-1-300x225.jpg 300w, https:\/\/isostres.com\/wp-content\/uploads\/2020\/04\/IMG-20180907-WA0019-1-768x576.jpg 768w, https:\/\/isostres.com\/wp-content\/uploads\/2020\/04\/IMG-20180907-WA0019-1-600x450.jpg 600w, https:\/\/isostres.com\/wp-content\/uploads\/2020\/04\/IMG-20180907-WA0019-1.jpg 1600w\" sizes=\"(max-width: 1024px) 100vw, 1024px\" \/><\/figure>\n\n\n\n<figure class=\"wp-block-image size-large\"><img loading=\"lazy\" decoding=\"async\" width=\"1024\" height=\"768\" data-id=\"725\" src=\"https:\/\/isostres.com\/wp-content\/uploads\/2020\/04\/isostres.5-1024x768.jpg\" alt=\"\" class=\"wp-image-725\" srcset=\"https:\/\/isostres.com\/wp-content\/uploads\/2020\/04\/isostres.5-1024x768.jpg 1024w, https:\/\/isostres.com\/wp-content\/uploads\/2020\/04\/isostres.5-300x225.jpg 300w, https:\/\/isostres.com\/wp-content\/uploads\/2020\/04\/isostres.5-768x576.jpg 768w, https:\/\/isostres.com\/wp-content\/uploads\/2020\/04\/isostres.5-600x450.jpg 600w\" sizes=\"(max-width: 1024px) 100vw, 1024px\" \/><\/figure>\n\n\n\n<figure class=\"wp-block-image size-large\"><img loading=\"lazy\" decoding=\"async\" width=\"1024\" height=\"683\" data-id=\"510\" src=\"https:\/\/isostres.com\/wp-content\/uploads\/2019\/09\/botiga-a-Palafrugell-1024x683.jpg\" alt=\"\" class=\"wp-image-510\" srcset=\"https:\/\/isostres.com\/wp-content\/uploads\/2019\/09\/botiga-a-Palafrugell-1024x683.jpg 1024w, https:\/\/isostres.com\/wp-content\/uploads\/2019\/09\/botiga-a-Palafrugell-300x200.jpg 300w, https:\/\/isostres.com\/wp-content\/uploads\/2019\/09\/botiga-a-Palafrugell-768x512.jpg 768w, https:\/\/isostres.com\/wp-content\/uploads\/2019\/09\/botiga-a-Palafrugell-600x400.jpg 600w\" sizes=\"(max-width: 1024px) 100vw, 1024px\" \/><\/figure>\n\n\n\n<figure class=\"wp-block-image size-large\"><img loading=\"lazy\" decoding=\"async\" width=\"1024\" height=\"768\" data-id=\"75\" src=\"https:\/\/isostres.com\/wp-content\/uploads\/2019\/02\/Rest.girona.4-1024x768.jpg\" alt=\"\" class=\"wp-image-75\" srcset=\"https:\/\/isostres.com\/wp-content\/uploads\/2019\/02\/Rest.girona.4-1024x768.jpg 1024w, https:\/\/isostres.com\/wp-content\/uploads\/2019\/02\/Rest.girona.4-300x225.jpg 300w, https:\/\/isostres.com\/wp-content\/uploads\/2019\/02\/Rest.girona.4-768x576.jpg 768w, https:\/\/isostres.com\/wp-content\/uploads\/2019\/02\/Rest.girona.4-600x450.jpg 600w, https:\/\/isostres.com\/wp-content\/uploads\/2019\/02\/Rest.girona.4.jpg 1600w\" sizes=\"(max-width: 1024px) 100vw, 1024px\" \/><figcaption class=\"wp-element-caption\">         <\/figcaption><\/figure>\n<\/figure>\n\n\n\n<figure class=\"wp-block-gallery aligncenter has-nested-images columns-default wp-block-gallery-2 is-layout-flex wp-block-gallery-is-layout-flex\">\n<figure class=\"wp-block-image\"><img loading=\"lazy\" decoding=\"async\" width=\"200\" height=\"200\" data-id=\"736\" src=\"https:\/\/isostres.com\/wp-content\/uploads\/2020\/04\/env\u00e0a\u00efllament.jpg\" alt=\"\" class=\"wp-image-736\" srcset=\"https:\/\/isostres.com\/wp-content\/uploads\/2020\/04\/env\u00e0a\u00efllament.jpg 200w, https:\/\/isostres.com\/wp-content\/uploads\/2020\/04\/env\u00e0a\u00efllament-100x100.jpg 100w, https:\/\/isostres.com\/wp-content\/uploads\/2020\/04\/env\u00e0a\u00efllament-150x150.jpg 150w\" sizes=\"(max-width: 200px) 100vw, 200px\" \/><figcaption class=\"wp-element-caption\">env\u00e0 + a\u00efllament<\/figcaption><\/figure>\n\n\n\n<figure class=\"wp-block-image\"><img loading=\"lazy\" decoding=\"async\" width=\"200\" height=\"200\" data-id=\"737\" src=\"https:\/\/isostres.com\/wp-content\/uploads\/2020\/04\/extradossata\u00efllament.jpg\" alt=\"\" class=\"wp-image-737\" srcset=\"https:\/\/isostres.com\/wp-content\/uploads\/2020\/04\/extradossata\u00efllament.jpg 200w, https:\/\/isostres.com\/wp-content\/uploads\/2020\/04\/extradossata\u00efllament-100x100.jpg 100w, https:\/\/isostres.com\/wp-content\/uploads\/2020\/04\/extradossata\u00efllament-150x150.jpg 150w\" sizes=\"(max-width: 200px) 100vw, 200px\" \/><figcaption class=\"wp-element-caption\">extradossat+a\u00efllament<\/figcaption><\/figure>\n\n\n\n<figure class=\"wp-block-image\"><img loading=\"lazy\" decoding=\"async\" width=\"200\" height=\"200\" data-id=\"738\" src=\"https:\/\/isostres.com\/wp-content\/uploads\/2020\/04\/sostre-continu.jpg\" alt=\"\" class=\"wp-image-738\" srcset=\"https:\/\/isostres.com\/wp-content\/uploads\/2020\/04\/sostre-continu.jpg 200w, https:\/\/isostres.com\/wp-content\/uploads\/2020\/04\/sostre-continu-100x100.jpg 100w, https:\/\/isostres.com\/wp-content\/uploads\/2020\/04\/sostre-continu-150x150.jpg 150w\" sizes=\"(max-width: 200px) 100vw, 200px\" \/><figcaption class=\"wp-element-caption\">estructura sostre continu<br><br><\/figcaption><\/figure>\n<\/figure>\n\n\n\n<p><\/p>\n","protected":false},"excerpt":{"rendered":"<p>SOSTRES DESMONTABLES SOSTRES A\u00cfLLANTS Sostres ac\u00fastics Formaci\u00f3 de sostres, envans i trasdossats amb plaques de guix-laminat<\/p>\n","protected":false},"author":1,"featured_media":0,"parent":0,"menu_order":0,"comment_status":"closed","ping_status":"closed","template":"","meta":{"_themeisle_gutenberg_block_has_review":false,"footnotes":""},"class_list":["post-462","page","type-page","status-publish"],"_links":{"self":[{"href":"https:\/\/isostres.com\/index.php\/wp-json\/wp\/v2\/pages\/462","targetHints":{"allow":["GET"]}}],"collection":[{"href":"https:\/\/isostres.com\/index.php\/wp-json\/wp\/v2\/pages"}],"about":[{"href":"https:\/\/isostres.com\/index.php\/wp-json\/wp\/v2\/types\/page"}],"author":[{"embeddable":true,"href":"https:\/\/isostres.com\/index.php\/wp-json\/wp\/v2\/users\/1"}],"replies":[{"embeddable":true,"href":"https:\/\/isostres.com\/index.php\/wp-json\/wp\/v2\/comments?post=462"}],"version-history":[{"count":30,"href":"https:\/\/isostres.com\/index.php\/wp-json\/wp\/v2\/pages\/462\/revisions"}],"predecessor-version":[{"id":1556,"href":"https:\/\/isostres.com\/index.php\/wp-json\/wp\/v2\/pages\/462\/revisions\/1556"}],"wp:attachment":[{"href":"https:\/\/isostres.com\/index.php\/wp-json\/wp\/v2\/media?parent=462"}],"curies":[{"name":"wp","href":"https:\/\/api.w.org\/{rel}","templated":true}]}}