{"id":10,"date":"2019-02-08T11:36:45","date_gmt":"2019-02-08T11:36:45","guid":{"rendered":"http:\/\/test.isostres.com\/?page_id=10"},"modified":"2025-09-10T07:17:26","modified_gmt":"2025-09-10T07:17:26","slug":"blog","status":"publish","type":"page","link":"https:\/\/isostres.com\/index.php\/blog\/","title":{"rendered":"Finestres de coberta plana"},"content":{"rendered":"\n<p style=\"text-align:center\"><strong>Demaneu informaci\u00f3 de mides i sistemes<\/strong><\/p>\n\n\n\n<p class=\"has-text-align-center\"><strong> segons caracter\u00edstica de finestra i sistema d&#8217;obertura<\/strong><\/p>\n\n\n\n<hr class=\"wp-block-separator has-alpha-channel-opacity\"\/>\n\n\n\n<div id=\"wp-block-themeisle-blocks-slider-605b4da1\" class=\"wp-block-themeisle-blocks-slider glide\" data-per-view=\"1\" data-gap=\"0\" data-peek=\"0\" data-autoplay=\"true\" data-height=\"400px\" data-hide-arrows=\"false\"><div class=\"glide__track\" data-glide-el=\"track\"><div class=\"glide__slides\"><div class=\"wp-block-themeisle-blocks-slider-item-wrapper glide__slide\" tabindex=\"0\"><figure><img decoding=\"async\" class=\"wp-block-themeisle-blocks-slider-item\" src=\"https:\/\/isostres.com\/wp-content\/uploads\/2025\/09\/vidro-liso-1.jpg\" alt=\"\" title=\"\" data-id=\"1578\"\/><figcaption>C\u00fapula lisa<\/figcaption><\/figure><\/div><div class=\"wp-block-themeisle-blocks-slider-item-wrapper glide__slide\" tabindex=\"0\"><figure><img decoding=\"async\" class=\"wp-block-themeisle-blocks-slider-item\" src=\"https:\/\/isostres.com\/wp-content\/uploads\/2025\/09\/cupula-acrilica.jpg\" alt=\"\" title=\"\" data-id=\"1577\"\/><figcaption>Acrilica<\/figcaption><\/figure><\/div><div class=\"wp-block-themeisle-blocks-slider-item-wrapper glide__slide\" tabindex=\"0\"><figure><img decoding=\"async\" class=\"wp-block-themeisle-blocks-slider-item\" src=\"https:\/\/isostres.com\/wp-content\/uploads\/2025\/05\/WhatsApp-Image-2025-01-30-at-18.44.08.jpeg\" alt=\"\" title=\"\" data-id=\"1340\"\/><figcaption>C\u00fapula curva<\/figcaption><\/figure><\/div><\/div><div class=\"glide__bullets\" data-glide-el=\"controls[nav]\"><button class=\"glide__bullet\" data-glide-dir=\"=0\"><\/button><button class=\"glide__bullet\" data-glide-dir=\"=1\"><\/button><button class=\"glide__bullet\" data-glide-dir=\"=2\"><\/button><\/div><\/div><\/div>\n\n\n\n<hr class=\"wp-block-separator has-alpha-channel-opacity\"\/>\n\n\n\n<figure class=\"wp-block-gallery has-nested-images columns-default is-cropped wp-block-gallery-1 is-layout-flex wp-block-gallery-is-layout-flex\">\n<figure class=\"wp-block-image size-large\"><img fetchpriority=\"high\" decoding=\"async\" width=\"582\" height=\"343\" data-id=\"1062\" src=\"https:\/\/isostres.com\/wp-content\/uploads\/2023\/11\/10.11.accesoris.1.png\" alt=\"\" class=\"wp-image-1062\" srcset=\"https:\/\/isostres.com\/wp-content\/uploads\/2023\/11\/10.11.accesoris.1.png 582w, https:\/\/isostres.com\/wp-content\/uploads\/2023\/11\/10.11.accesoris.1-300x177.png 300w\" sizes=\"(max-width: 582px) 100vw, 582px\" \/><\/figure>\n\n\n\n<figure class=\"wp-block-image size-large\"><img decoding=\"async\" width=\"595\" height=\"341\" data-id=\"1064\" src=\"https:\/\/isostres.com\/wp-content\/uploads\/2023\/11\/accesoris2.png\" alt=\"\" class=\"wp-image-1064\" srcset=\"https:\/\/isostres.com\/wp-content\/uploads\/2023\/11\/accesoris2.png 595w, https:\/\/isostres.com\/wp-content\/uploads\/2023\/11\/accesoris2-300x172.png 300w\" sizes=\"(max-width: 595px) 100vw, 595px\" \/><\/figure>\n<\/figure>\n\n\n\n<hr class=\"wp-block-separator has-alpha-channel-opacity\"\/>\n\n\n\n<p class=\"has-text-align-center animated fadeInDown\"><strong>Caracter\u00edstiques<\/strong><\/p>\n\n\n\n<p class=\"has-text-align-center\">*Pendent 0-15% : Finestra c\u00fapula, vidre corbo \/ Finestra c\u00fapula acr\u00edlica<\/p>\n\n\n\n<p class=\"has-text-align-center\">*Pendent 2-15% Finestra vidre llis<\/p>\n\n\n\n<p class=\"has-text-align-center\">*Sistemes obertura: fixes, el\u00e8ctriques i solars amb polsador<\/p>\n\n\n\n<p class=\"has-text-align-center\">*c\u00fapula acr\u00edlica: fixa i el\u00e8ctrica amb polsador<\/p>\n\n\n\n<p class=\"has-text-align-center\">*Compatible amb sensors intel\u00b7ligents <strong>VELUX ACTIVE<\/strong><\/p>\n\n\n\n<p class=\"has-text-align-center\">*Accessoris: Para-sols, cortines, solars i el\u00e8ctriques (consultar model)<\/p>\n\n\n\n<p class=\"has-text-align-center animated fadeInDown\">*Vidre: doble o triple (segons model)<\/p>\n\n\n\n<hr class=\"wp-block-separator has-alpha-channel-opacity\"\/>\n\n\n\n<div id=\"wp-block-themeisle-blocks-slider-5072ddef\" class=\"wp-block-themeisle-blocks-slider glide\" data-per-view=\"2\" data-gap=\"0\" data-peek=\"0\" data-autoplay=\"true\" data-height=\"400px\" data-hide-arrows=\"true\"><div class=\"glide__track\" data-glide-el=\"track\"><div class=\"glide__slides\"><div class=\"wp-block-themeisle-blocks-slider-item-wrapper glide__slide\" tabindex=\"0\"><figure><img decoding=\"async\" class=\"wp-block-themeisle-blocks-slider-item\" src=\"https:\/\/isostres.com\/wp-content\/uploads\/2025\/09\/St.Hipolit.png\" alt=\"\" title=\"\" data-id=\"1539\"\/><figcaption>Coberta plana<\/figcaption><\/figure><\/div><div class=\"wp-block-themeisle-blocks-slider-item-wrapper glide__slide\" tabindex=\"0\"><figure><img decoding=\"async\" class=\"wp-block-themeisle-blocks-slider-item\" src=\"https:\/\/isostres.com\/wp-content\/uploads\/2025\/05\/WhatsApp-Image-2025-01-30-at-18.44.08.jpeg\" alt=\"\" title=\"\" data-id=\"1340\"\/><figcaption>Vidre corbo, sistema obertura solar<\/figcaption><\/figure><\/div><div class=\"wp-block-themeisle-blocks-slider-item-wrapper glide__slide\" tabindex=\"0\"><figure><img decoding=\"async\" class=\"wp-block-themeisle-blocks-slider-item\" src=\"https:\/\/isostres.com\/wp-content\/uploads\/2025\/05\/Hotel.jpeg\" alt=\"\" title=\"\" data-id=\"1296\"\/><\/figure><\/div><div class=\"wp-block-themeisle-blocks-slider-item-wrapper glide__slide\" tabindex=\"0\"><figure><img decoding=\"async\" class=\"wp-block-themeisle-blocks-slider-item\" src=\"https:\/\/isostres.com\/wp-content\/uploads\/2023\/11\/Finestra-coberta-plana.c\u00fapula-acr\u00edlica.jpeg\" alt=\"\" title=\"\" data-id=\"1059\"\/><\/figure><\/div><\/div><\/div><\/div>\n","protected":false},"excerpt":{"rendered":"<p>segons caracter\u00edstica de finestra i sistema d&#8217;obertura Caracter\u00edstiques *Pendent 0-15% : Finestra c\u00fapula, vidre corbo \/ Finestra c\u00fapula acr\u00edlica *Pendent 2-15% Finestra vidre llis *Sistemes obertura: fixes, el\u00e8ctriques i solars amb polsador *c\u00fapula acr\u00edlica: fixa i el\u00e8ctrica amb polsador *Compatible amb sensors intel\u00b7ligents VELUX ACTIVE *Accessoris: Para-sols, cortines, solars i el\u00e8ctriques (consultar model) *Vidre: doble o triple (segons model)<\/p>\n","protected":false},"author":1,"featured_media":0,"parent":0,"menu_order":0,"comment_status":"closed","ping_status":"closed","template":"","meta":{"_themeisle_gutenberg_block_has_review":false,"footnotes":""},"class_list":["post-10","page","type-page","status-publish"],"_links":{"self":[{"href":"https:\/\/isostres.com\/index.php\/wp-json\/wp\/v2\/pages\/10","targetHints":{"allow":["GET"]}}],"collection":[{"href":"https:\/\/isostres.com\/index.php\/wp-json\/wp\/v2\/pages"}],"about":[{"href":"https:\/\/isostres.com\/index.php\/wp-json\/wp\/v2\/types\/page"}],"author":[{"embeddable":true,"href":"https:\/\/isostres.com\/index.php\/wp-json\/wp\/v2\/users\/1"}],"replies":[{"embeddable":true,"href":"https:\/\/isostres.com\/index.php\/wp-json\/wp\/v2\/comments?post=10"}],"version-history":[{"count":20,"href":"https:\/\/isostres.com\/index.php\/wp-json\/wp\/v2\/pages\/10\/revisions"}],"predecessor-version":[{"id":1584,"href":"https:\/\/isostres.com\/index.php\/wp-json\/wp\/v2\/pages\/10\/revisions\/1584"}],"wp:attachment":[{"href":"https:\/\/isostres.com\/index.php\/wp-json\/wp\/v2\/media?parent=10"}],"curies":[{"name":"wp","href":"https:\/\/api.w.org\/{rel}","templated":true}]}}